{"id":116,"date":"2013-11-20T12:27:36","date_gmt":"2013-11-20T12:27:36","guid":{"rendered":"http:\/\/themes.goodlayers2.com\/flawless\/?page_id=116"},"modified":"2013-11-20T12:27:36","modified_gmt":"2013-11-20T12:27:36","slug":"styled-box","status":"publish","type":"page","link":"https:\/\/pepeslugano.com\/fr\/boite-stylisee\/","title":{"rendered":"Bo\u00eete de style"},"content":{"rendered":"<p>[gdlr_styled_box background_color=\"#9ada55\u2033 ]<\/p>\n<p>[gdlr_row]<\/p>\n<p>[gdlr_column size=\"1\/3\u2033]<\/p>\n<p>[gdlr_circle_progress percent=\"85\u2033 size=\"150\u2033 line_width=\"8\u2033 progress_background_color=\"#e9e9e9e9e9\u2033 background_color=\"#ffffffff\" progress_color=\"#88c05d\" content_color=\"#3333\u2033]Photoshop[\/gdlr_circle_progress]<\/p>\n<p>[\/gdlr_column][gdlr_column size=\"2\/3\u2033]<\/p>\n<p>[gdlr_heading tag=\"h3\u2033 size=\"24px\" colour=\"#ffffffff\" font_weight=\"bold\"]Bibendum Tortor[\/gdlr_heading]<br \/>\nLes deux hommes se sont retrouv\u00e9s \u00e0 la m\u00eame table, \u00e0 la m\u00eame heure, \u00e0 la m\u00eame heure, \u00e0 la m\u00eame heure, \u00e0 la m\u00eame heure, \u00e0 la m\u00eame heure, \u00e0 la m\u00eame heure, \u00e0 la m\u00eame heure, \u00e0 la m\u00eame heure, \u00e0 la m\u00eame heure. Duis mollis, est non commodo luctus, nisi erat porttitor ligula, eget lacinia odio sem nec elit. Maecenas sed diam eget risus varius blandit sit amet non magna. Cras justo odio, dapibus ac facilisis in, egestas eget quam.<br \/>\n[\/gdlr_column] [\/gdlr_column<\/p>\n<p>[\/gdlr_row]<\/p>\n<p>[\/gdlr_styled_box]<\/p>\n<p>[gdlr_space height=\"20px\"]<\/p>\n<p>[gdlr_code title=\"Obtenir le code\" active=\"no\"]<\/p>\n<p>[gdlr_styled_box background_color=\"#9ada55\u2033 ]<\/p>\n<p>[gdlr_row]<\/p>\n<p>[gdlr_column size=\"1\/3\u2033]<\/p>\n<p>[gdlr_circle_progress percent=\"85\u2033 size=\"150\u2033 line_width=\"8\u2033 progress_background_color=\"#e9e9e9e9e9\u2033 background_color=\"#ffffffff\" progress_color=\"#88c05d\" content_color=\"#3333\u2033]Photoshop[\/gdlr_circle_progress]<\/p>\n<p>[\/gdlr_column][gdlr_column size=\"2\/3\u2033]<\/p>\n<p>[gdlr_heading tag=\"h3\u2033 size=\"24px\" colour=\"#ffffffff\" font_weight=\"bold\"]Bibendum Tortor[\/gdlr_heading]<br \/>\nLes deux hommes se sont retrouv\u00e9s \u00e0 la m\u00eame table, \u00e0 la m\u00eame heure, \u00e0 la m\u00eame heure, \u00e0 la m\u00eame heure, \u00e0 la m\u00eame heure, \u00e0 la m\u00eame heure, \u00e0 la m\u00eame heure, \u00e0 la m\u00eame heure, \u00e0 la m\u00eame heure, \u00e0 la m\u00eame heure. Duis mollis, est non commodo luctus, nisi erat porttitor ligula, eget lacinia odio sem nec elit. Maecenas sed diam eget risus varius blandit sit amet non magna. Cras justo odio, dapibus ac facilisis in, egestas eget quam.<br \/>\n[\/gdlr_column] [\/gdlr_column<\/p>\n<p>[\/gdlr_row]<\/p>\n<p>[\/gdlr_styled_box]<\/p>\n<p>[\/gdlr_code]<\/p>\n<p>[gdlr_space height=\"20px\"]<\/p>\n<p>[gdlr_styled_box background_color=\"#e56b3a\" corner_color=\"#a84c30\u2033 ]<\/p>\n<p>[gdlr_icon type=\"icon-gears\" size=\"60px\" colour=\"#ffffff\"] [gdlr_icon type=\"icon-suitcase\" size=\"60px\" colour=\"#ffffff\"] [gdlr_icon type=\"icon-moon\" size=\"60px\" colour=\"#ffffff\"] [gdlr_icon type=\"icon-truck\" size=\"60px\" colour=\"#ffffff\"] [gdlr_icon type=\"icon-truck\" size=\"60px\" colour=\"#ffffff\"]<\/p>\n<p>[gdlr_space height=\"25px\"]<\/p>\n<p>[gdlr_heading tag=\"h3\u2033 size=\"24px\" colour=\"#ffffffff\" font_weight=\"bold\"]Bibendum Tortor[\/gdlr_heading]<\/p>\n<p>Les deux hommes se sont retrouv\u00e9s \u00e0 la m\u00eame table, \u00e0 la m\u00eame heure, \u00e0 la m\u00eame heure, \u00e0 la m\u00eame heure, \u00e0 la m\u00eame heure, \u00e0 la m\u00eame heure, \u00e0 la m\u00eame heure, \u00e0 la m\u00eame heure, \u00e0 la m\u00eame heure, \u00e0 la m\u00eame heure. Duis mollis, est non commodo luctus, nisi erat porttitor ligula, eget lacinia odio sem nec elit. Maecenas sed diam eget risus varius blandit sit amet non magna. Cras justo odio, dapibus ac facilisis in, egestas eget quam.<\/p>\n<p>[\/gdlr_styled_box]<\/p>\n<p>[gdlr_space height=\"20px\"]<\/p>\n<p>[gdlr_code title=\"Obtenir le code\" active=\"no\"]<\/p>\n<p>[gdlr_styled_box background_color=\"#e56b3a\" corner_color=\"#a84c30\u2033 ]<\/p>\n<p>[gdlr_icon type=\"icon-gears\" size=\"60px\" colour=\"#ffffff\"] [gdlr_icon type=\"icon-suitcase\" size=\"60px\" colour=\"#ffffff\"] [gdlr_icon type=\"icon-moon\" size=\"60px\" colour=\"#ffffff\"] [gdlr_icon type=\"icon-truck\" size=\"60px\" colour=\"#ffffff\"] [gdlr_icon type=\"icon-truck\" size=\"60px\" colour=\"#ffffff\"]<\/p>\n<p>[gdlr_space height=\"25px\"]<\/p>\n<p>[gdlr_heading tag=\"h3\u2033 size=\"24px\" colour=\"#ffffffff\" font_weight=\"bold\"]Bibendum Tortor[\/gdlr_heading]<\/p>\n<p>Les deux hommes se sont retrouv\u00e9s \u00e0 la m\u00eame table, \u00e0 la m\u00eame heure, \u00e0 la m\u00eame heure, \u00e0 la m\u00eame heure, \u00e0 la m\u00eame heure, \u00e0 la m\u00eame heure, \u00e0 la m\u00eame heure, \u00e0 la m\u00eame heure, \u00e0 la m\u00eame heure, \u00e0 la m\u00eame heure. Duis mollis, est non commodo luctus, nisi erat porttitor ligula, eget lacinia odio sem nec elit. Maecenas sed diam eget risus varius blandit sit amet non magna. Cras justo odio, dapibus ac facilisis in, egestas eget quam.<\/p>\n<p>[\/gdlr_styled_box]<\/p>\n<p>[\/gdlr_code]<\/p>\n<p>[gdlr_space height=\"20px\"]<\/p>\n<p>[gdlr_styled_box background_type=\"image\" background_image=\"http:\/\/themes.goodlayers2.com\/flawless\/wp-content\/uploads\/2013\/12\/styled-box-bg.jpg\" height=\"200px\"]<\/p>\n<div style=\"width: 50%; color: #222222;\">\n<p>[gdlr_heading tag=\"h3\u2033 size=\"28px\" color=\"#2222\u2033 font_weight=\"bold\"]Bibendum Tortor[\/gdlr_heading].<\/p>\n<p>Vivamus sagittis lacus vel augue laoreet rutrum faucibus dolor auctor. Duis mollis, est non commodo luctus, nisi erat porttitor ligula, eget lacinia odio sem nec elit.<\/p>\n<\/div>\n<p>[\/gdlr_styled_box]<\/p>\n<p>[gdlr_space height=\"20px\"]<\/p>\n<p>[gdlr_code title=\"Obtenir le code\" active=\"no\"]<\/p>\n<p>[gdlr_styled_box background_type=\"image\" background_image=\"http:\/\/themes.goodlayers2.com\/flawless\/wp-content\/uploads\/2013\/12\/styled-box-bg.jpg\" height=\"200px\"]<\/p>\n<div style=\"width: 50%; color: #222222;\">\n<p>[gdlr_heading tag=\"h3\u2033 size=\"28px\" color=\"#2222\u2033 font_weight=\"bold\"]Bibendum Tortor[\/gdlr_heading].<\/p>\n<p>Vivamus sagittis lacus vel augue laoreet rutrum faucibus dolor auctor. Duis mollis, est non commodo luctus, nisi erat porttitor ligula, eget lacinia odio sem nec elit.<\/p>\n<\/div>\n<p>[\/gdlr_styled_box]<\/p>\n<p>[\/gdlr_code]<\/p>\n<p>[gdlr_space height=\"20px\"]<\/p>\n<p>[gdlr_styled_box background_color=\"#4f4f4f\" ]<\/p>\n<p>[gdlr_space height=\"-20px\"]<\/p>\n<p>[gdlr_text_align class=\"center\" ]<\/p>\n<p>[gdlr_icon type=\"icon-cloud-download\" size=\"60px\" colour=\"#ffffffff\"]<\/p>\n<p>[gdlr_space height=\"-8px\"]<\/p>\n<p>[gdlr_heading tag=\"h2\u2033 size=\"28px\" colour=\"#ffffffff\" ]Bibendum Tortor[\/gdlr_heading]<\/p>\n<p>[gdlr_space height=\"-8px\"]<\/p>\n<p>Vivamus sagittis lacus vel augue laoreet rutrum faucibus dolor auctor. Duis mollis, est non commodo luctus, nisi erat porttitor ligula.<\/p>\n<p>[gdlr_space height=\"30px\"]<\/p>\n<p>[gdlr_button href=\"http:\/\/www.goodlayers.com\" target=\"_self\" size=\"medium\" background=\"#d6724f\" colour=\"#ffff\" with_border=\"yes\" border_color=\"#98543c\"][gdlr_icon type=\"icon-plane\"] Texte du bouton[\/gdlr_button]<\/p>\n<p>[gdlr_space height=\"-20px\"]<\/p>\n<p>[\/gdlr_text_align]<\/p>\n<p>[\/gdlr_styled_box]<\/p>\n<p>[gdlr_space height=\"20px\"]<\/p>\n<p>[gdlr_code title=\"Obtenir le code\" active=\"no\"]<\/p>\n<p>[gdlr_styled_box background_color=\"#4f4f4f\" ]<\/p>\n<p>[gdlr_space height=\"-20px\"]<\/p>\n<p>[gdlr_text_align class=\"center\" ]<\/p>\n<p>[gdlr_icon type=\"icon-cloud-download\" size=\"60px\" colour=\"#ffffffff\"]<\/p>\n<p>[gdlr_space height=\"-8px\"]<\/p>\n<p>[gdlr_heading tag=\"h2\u2033 size=\"28px\" colour=\"#ffffffff\" ]Bibendum Tortor[\/gdlr_heading]<\/p>\n<p>[gdlr_space height=\"-8px\"]<\/p>\n<p>Vivamus sagittis lacus vel augue laoreet rutrum faucibus dolor auctor. Duis mollis, est non commodo luctus, nisi erat porttitor ligula.<\/p>\n<p>[gdlr_space height=\"30px\"]<\/p>\n<p>[gdlr_button href=\"http:\/\/www.goodlayers.com\" target=\"_self\" size=\"medium\" background=\"#d6724f\" colour=\"#ffff\" with_border=\"yes\" border_color=\"#98543c\"][gdlr_icon type=\"icon-plane\"] Texte du bouton[\/gdlr_button]<\/p>\n<p>[gdlr_space height=\"-20px\"]<\/p>\n<p>[\/gdlr_text_align]<\/p>\n<p>[\/gdlr_styled_box]<\/p>\n<p>[\/gdlr_code]<\/p>\n<p>[gdlr_space height=\"80px\"]<\/p>","protected":false},"excerpt":{"rendered":"<p>[gdlr_styled_box background_color=\"#9ada55\u2033 ] [gdlr_row] [gdlr_column size=\"1\/3\u2033] [gdlr_circle_progress percent=\"85\u2033 size=\"150\u2033 line_width=\"8\u2033 progress_background_color=\"#e9e9e9e9\u2033 background_color=\"#ffffff\" progress_color=\"#88c05d\" content_color=\"#3333\u2033]Photoshop[\/gdlr_circle_progress] [\/gdlr_column][gdlr_column size=\"2\/3\u2033] [gdlr_heading tag=\"h3\u2033 size=\"24px\" color=\"#ffffff\".... <span class=\"tst-el-more\"><a href=\"https:\/\/pepeslugano.com\/fr\/boite-stylisee\/\" class=\"tst-label tst-color tst-anima-link\">Lire la suite<\/a><\/span><\/p>","protected":false},"author":1,"featured_media":0,"parent":0,"menu_order":0,"comment_status":"closed","ping_status":"open","template":"","meta":{"footnotes":""},"class_list":["post-116","page","type-page","status-publish","hentry"],"_links":{"self":[{"href":"https:\/\/pepeslugano.com\/fr\/wp-json\/wp\/v2\/pages\/116","targetHints":{"allow":["GET"]}}],"collection":[{"href":"https:\/\/pepeslugano.com\/fr\/wp-json\/wp\/v2\/pages"}],"about":[{"href":"https:\/\/pepeslugano.com\/fr\/wp-json\/wp\/v2\/types\/page"}],"author":[{"embeddable":true,"href":"https:\/\/pepeslugano.com\/fr\/wp-json\/wp\/v2\/users\/1"}],"replies":[{"embeddable":true,"href":"https:\/\/pepeslugano.com\/fr\/wp-json\/wp\/v2\/comments?post=116"}],"version-history":[{"count":0,"href":"https:\/\/pepeslugano.com\/fr\/wp-json\/wp\/v2\/pages\/116\/revisions"}],"wp:attachment":[{"href":"https:\/\/pepeslugano.com\/fr\/wp-json\/wp\/v2\/media?parent=116"}],"curies":[{"name":"wp","href":"https:\/\/api.w.org\/{rel}","templated":true}]}}