{"id":1400,"date":"2013-12-19T11:48:18","date_gmt":"2013-12-19T11:48:18","guid":{"rendered":"http:\/\/themes.goodlayers2.com\/flawless\/?page_id=1400"},"modified":"2013-12-19T11:48:18","modified_gmt":"2013-12-19T11:48:18","slug":"price-table","status":"publish","type":"page","link":"https:\/\/pepeslugano.com\/fr\/tableau-des-prix\/","title":{"rendered":"Tableau des prix"},"content":{"rendered":"<p>[gdlr_space height=\"20px\"]<\/p>\n<p>[gdlr_price_table columns=\"3\u2033 ]<br \/>\n[gdlr_tab title= \"Deluxe\" price=\"$39.99\/mo\" link=\"#\" ]<\/p>\n<ul>\n<li>30 GB<\/li>\n<li>12 comptes de messagerie<\/li>\n<li>50 Go de bande passante<\/li>\n<li>Assistance par chat en direct<\/li>\n<li>S\u00e9curit\u00e9 SSL renforc\u00e9e<\/li>\n<\/ul>\n<p>[\/gdlr_tab]<br \/>\n[gdlr_tab title= \"Premium\" price=\"$49.99\/mo\" link=\"#\" active=\"yes\" ]<\/p>\n<ul>\n<li>30 GB<\/li>\n<li>12 comptes de messagerie<\/li>\n<li>50 Go de bande passante<\/li>\n<li>Assistance par chat en direct<\/li>\n<li>S\u00e9curit\u00e9 SSL renforc\u00e9e<\/li>\n<\/ul>\n<p>[\/gdlr_tab]<br \/>\n[gdlr_tab title= \"Standard\" price=\"$59.99\/mo\" link=\"#\" ]<\/p>\n<ul>\n<li>30 GB<\/li>\n<li>12 comptes de messagerie<\/li>\n<li>50 Go de bande passante<\/li>\n<li>Assistance par chat en direct<\/li>\n<li>S\u00e9curit\u00e9 SSL renforc\u00e9e<\/li>\n<\/ul>\n<p>[\/gdlr_tab]<br \/>\n[\/gdlr_price_table].<\/p>\n<p>[gdlr_space height=\"20px\"]<\/p>\n<p>[gdlr_code title=\"Obtenir le code\" active=\"no\"]<\/p>\n<p>[gdlr_price_table columns=\"3\u2033 ]<br \/>\n[gdlr_tab title= \"Deluxe\" price=\"$39.99\/mo\" link=\"#\" ]<\/p>\n<ul>\n<li>30 GB<\/li>\n<li>12 comptes de messagerie<\/li>\n<li>50 Go de bande passante<\/li>\n<li>Assistance par chat en direct<\/li>\n<li>S\u00e9curit\u00e9 SSL renforc\u00e9e<\/li>\n<\/ul>\n<p>[\/gdlr_tab]<br \/>\n[gdlr_tab title= \"Premium\" price=\"$49.99\/mo\" link=\"#\" active=\"yes\" ]<\/p>\n<ul>\n<li>30 GB<\/li>\n<li>12 comptes de messagerie<\/li>\n<li>50 Go de bande passante<\/li>\n<li>Assistance par chat en direct<\/li>\n<li>S\u00e9curit\u00e9 SSL renforc\u00e9e<\/li>\n<\/ul>\n<p>[\/gdlr_tab]<br \/>\n[gdlr_tab title= \"Standard\" price=\"$59.99\/mo\" link=\"#\" ]<\/p>\n<ul>\n<li>30 GB<\/li>\n<li>12 comptes de messagerie<\/li>\n<li>50 Go de bande passante<\/li>\n<li>Assistance par chat en direct<\/li>\n<li>S\u00e9curit\u00e9 SSL renforc\u00e9e<\/li>\n<\/ul>\n<p>[\/gdlr_tab]<br \/>\n[\/gdlr_price_table].<\/p>\n<p>[\/gdlr_code]<\/p>\n<p>[gdlr_space height=\"80px\"]<\/p>","protected":false},"excerpt":{"rendered":"<p>[gdlr_space height=\"20px\"] [gdlr_price_table columns=\"3\u2033 ] [gdlr_tab title=\"Deluxe\" price=\"$39.99\/mo\" link=\"#\" ] 30 GB 12 Comptes Email 50 GB Bande passante Live Chat... <span class=\"tst-el-more\"><a href=\"https:\/\/pepeslugano.com\/fr\/tableau-des-prix\/\" class=\"tst-label tst-color tst-anima-link\">Lire la suite<\/a><\/span><\/p>","protected":false},"author":1,"featured_media":0,"parent":0,"menu_order":0,"comment_status":"closed","ping_status":"open","template":"","meta":{"footnotes":""},"class_list":["post-1400","page","type-page","status-publish","hentry"],"_links":{"self":[{"href":"https:\/\/pepeslugano.com\/fr\/wp-json\/wp\/v2\/pages\/1400","targetHints":{"allow":["GET"]}}],"collection":[{"href":"https:\/\/pepeslugano.com\/fr\/wp-json\/wp\/v2\/pages"}],"about":[{"href":"https:\/\/pepeslugano.com\/fr\/wp-json\/wp\/v2\/types\/page"}],"author":[{"embeddable":true,"href":"https:\/\/pepeslugano.com\/fr\/wp-json\/wp\/v2\/users\/1"}],"replies":[{"embeddable":true,"href":"https:\/\/pepeslugano.com\/fr\/wp-json\/wp\/v2\/comments?post=1400"}],"version-history":[{"count":0,"href":"https:\/\/pepeslugano.com\/fr\/wp-json\/wp\/v2\/pages\/1400\/revisions"}],"wp:attachment":[{"href":"https:\/\/pepeslugano.com\/fr\/wp-json\/wp\/v2\/media?parent=1400"}],"curies":[{"name":"wp","href":"https:\/\/api.w.org\/{rel}","templated":true}]}}