{"id":1490,"date":"2013-12-20T19:10:07","date_gmt":"2013-12-20T18:10:07","guid":{"rendered":"http:\/\/themes.goodlayers2.com\/flawless\/?page_id=1476"},"modified":"2022-10-21T13:23:48","modified_gmt":"2022-10-21T11:23:48","slug":"custom-skin","status":"publish","type":"page","link":"https:\/\/pepeslugano.com\/fr\/peau-personnalisee\/","title":{"rendered":"Peau personnalis\u00e9e"},"content":{"rendered":"<h3>Peau personnalis\u00e9e<\/h3>\n<p>Vous pouvez facilement cr\u00e9er diff\u00e9rents habillages \u00e0 utiliser dans la section couleur\/parallaxe. Cela vous aidera \u00e0 cr\u00e9er diff\u00e9rentes tonalit\u00e9s de couleurs dans votre site.<\/p>\n<p><a href=\"http:\/\/themes.goodlayers2.com\/flawless\/wp-content\/uploads\/2013\/12\/feature-2-1.jpg\" target=\"_blank\" rel=\"noopener\"><img loading=\"lazy\" decoding=\"async\" class=\"alignnone size-full wp-image-1478\" alt=\"caract\u00e9ristique-2-1\" src=\"http:\/\/themes.goodlayers2.com\/flawless\/wp-content\/uploads\/2013\/12\/feature-2-1.jpg\" width=\"620\" height=\"600\" \/><\/a><a href=\"https:\/\/benuapotheek.com\/koop-kamagra-effervescents\/\" target=\"_blank\" rel=\"noopener\">Apoth\u00e9que BENU<\/a><\/p>","protected":false},"excerpt":{"rendered":"<p>Custom Skin Vous pouvez cr\u00e9er diff\u00e9rents skin \u00e0 utiliser sur la section couleur\/parallaxe facilement. Cela vous aidera \u00e0... <span class=\"tst-el-more\"><a href=\"https:\/\/pepeslugano.com\/fr\/peau-personnalisee\/\" class=\"tst-label tst-color tst-anima-link\">Lire la suite<\/a><\/span><\/p>","protected":false},"author":1,"featured_media":0,"parent":0,"menu_order":0,"comment_status":"closed","ping_status":"open","template":"","meta":{"footnotes":""},"class_list":["post-1490","page","type-page","status-publish","hentry"],"_links":{"self":[{"href":"https:\/\/pepeslugano.com\/fr\/wp-json\/wp\/v2\/pages\/1490","targetHints":{"allow":["GET"]}}],"collection":[{"href":"https:\/\/pepeslugano.com\/fr\/wp-json\/wp\/v2\/pages"}],"about":[{"href":"https:\/\/pepeslugano.com\/fr\/wp-json\/wp\/v2\/types\/page"}],"author":[{"embeddable":true,"href":"https:\/\/pepeslugano.com\/fr\/wp-json\/wp\/v2\/users\/1"}],"replies":[{"embeddable":true,"href":"https:\/\/pepeslugano.com\/fr\/wp-json\/wp\/v2\/comments?post=1490"}],"version-history":[{"count":1,"href":"https:\/\/pepeslugano.com\/fr\/wp-json\/wp\/v2\/pages\/1490\/revisions"}],"predecessor-version":[{"id":14392,"href":"https:\/\/pepeslugano.com\/fr\/wp-json\/wp\/v2\/pages\/1490\/revisions\/14392"}],"wp:attachment":[{"href":"https:\/\/pepeslugano.com\/fr\/wp-json\/wp\/v2\/media?parent=1490"}],"curies":[{"name":"wp","href":"https:\/\/api.w.org\/{rel}","templated":true}]}}