{"id":1499,"date":"2013-12-20T19:02:33","date_gmt":"2013-12-20T19:02:33","guid":{"rendered":"http:\/\/themes.goodlayers2.com\/flawless\/?page_id=1499"},"modified":"2013-12-20T19:02:33","modified_gmt":"2013-12-20T19:02:33","slug":"font-awesome","status":"publish","type":"page","link":"https:\/\/pepeslugano.com\/fr\/font-awesome\/","title":{"rendered":"Font Awesome"},"content":{"rendered":"<h3>Font Awesome<\/h3>\n<p>Font Awesome vous offre des ic\u00f4nes vectorielles extensibles qui peuvent \u00eatre instantan\u00e9ment personnalis\u00e9es - taille, couleur, ombre port\u00e9e, et tout ce qui peut \u00eatre fait avec la puissance de CSS. <a href=\"http:\/\/themes.goodlayers2.com\/mediso\/corporate\/icons-icon-boxes\/\" target=\"_blank\" rel=\"noopener noreferrer\">http:\/\/themes.goodlayers2.com\/mediso\/corporate\/icons-icon-boxes\/<\/a><\/p>\n<p><a href=\"http:\/\/themes.goodlayers2.com\/flawless\/wp-content\/uploads\/2013\/12\/feature-7-1.jpg\" target=\"_blank\" rel=\"noopener\"><img loading=\"lazy\" decoding=\"async\" class=\"alignnone size-full wp-image-1500\" alt=\"caract\u00e9ristique-7-1\" src=\"http:\/\/themes.goodlayers2.com\/flawless\/wp-content\/uploads\/2013\/12\/feature-7-1.jpg\" width=\"620\" height=\"600\" \/><\/a><\/p>","protected":false},"excerpt":{"rendered":"<p>Font Awesome Font Awesome vous offre des ic\u00f4nes vectorielles \u00e9volutives qui peuvent \u00eatre instantan\u00e9ment personnalis\u00e9es - taille, couleur, ombre port\u00e9e et... <span class=\"tst-el-more\"><a href=\"https:\/\/pepeslugano.com\/fr\/font-awesome\/\" class=\"tst-label tst-color tst-anima-link\">Lire la suite<\/a><\/span><\/p>","protected":false},"author":1,"featured_media":0,"parent":0,"menu_order":0,"comment_status":"closed","ping_status":"open","template":"","meta":{"footnotes":""},"class_list":["post-1499","page","type-page","status-publish","hentry"],"_links":{"self":[{"href":"https:\/\/pepeslugano.com\/fr\/wp-json\/wp\/v2\/pages\/1499","targetHints":{"allow":["GET"]}}],"collection":[{"href":"https:\/\/pepeslugano.com\/fr\/wp-json\/wp\/v2\/pages"}],"about":[{"href":"https:\/\/pepeslugano.com\/fr\/wp-json\/wp\/v2\/types\/page"}],"author":[{"embeddable":true,"href":"https:\/\/pepeslugano.com\/fr\/wp-json\/wp\/v2\/users\/1"}],"replies":[{"embeddable":true,"href":"https:\/\/pepeslugano.com\/fr\/wp-json\/wp\/v2\/comments?post=1499"}],"version-history":[{"count":0,"href":"https:\/\/pepeslugano.com\/fr\/wp-json\/wp\/v2\/pages\/1499\/revisions"}],"wp:attachment":[{"href":"https:\/\/pepeslugano.com\/fr\/wp-json\/wp\/v2\/media?parent=1499"}],"curies":[{"name":"wp","href":"https:\/\/api.w.org\/{rel}","templated":true}]}}