{"id":1525,"date":"2013-12-20T19:40:34","date_gmt":"2013-12-20T19:40:34","guid":{"rendered":"http:\/\/themes.goodlayers2.com\/flawless\/?page_id=1525"},"modified":"2013-12-20T19:40:34","modified_gmt":"2013-12-20T19:40:34","slug":"optimized-code-seo","status":"publish","type":"page","link":"https:\/\/pepeslugano.com\/fr\/code-optimise-seo\/","title":{"rendered":"Code optimis\u00e9 et r\u00e9f\u00e9rencement"},"content":{"rendered":"<h3>Code optimis\u00e9 et r\u00e9f\u00e9rencement<\/h3>\n<p>Nous avons reconstruit la fa\u00e7on d'utiliser le titre. Nous utilisons les balises d'en-t\u00eate (H1,H2,H3,...) pour le titre, ce qui est une bonne pratique pour les moteurs de recherche. Le contenu principal est d\u00e9plac\u00e9 au-dessus des barres lat\u00e9rales (y compris les deux barres lat\u00e9rales), ce qui permet aux moteurs de recherche de trouver facilement votre contenu principal en premier. La balise 'alt' pour les images est \u00e9galement prise en charge. Cela aide \u00e9galement les moteurs de recherche \u00e0 analyser votre site facilement. <\/p>\n<p><a href=\"http:\/\/themes.goodlayers2.com\/flawless\/wp-content\/uploads\/2013\/12\/feature-15-1.jpg\" target=\"_blank\" rel=\"noopener\"><img loading=\"lazy\" decoding=\"async\" src=\"http:\/\/themes.goodlayers2.com\/flawless\/wp-content\/uploads\/2013\/12\/feature-15-1.jpg\" alt=\"caract\u00e9ristique-15-1\" width=\"620\" height=\"600\" class=\"alignnone size-full wp-image-1526\" \/><\/a><\/p>","protected":false},"excerpt":{"rendered":"<p>Code optimis\u00e9 &amp; SEO Nous avons reconstruit la fa\u00e7on d'utiliser le titre. Nous utilisons la balise heading (H1,H2,H3,...) pour le titre ce qui est bien... <span class=\"tst-el-more\"><a href=\"https:\/\/pepeslugano.com\/fr\/code-optimise-seo\/\" class=\"tst-label tst-color tst-anima-link\">Lire la suite<\/a><\/span><\/p>","protected":false},"author":1,"featured_media":0,"parent":0,"menu_order":0,"comment_status":"closed","ping_status":"open","template":"","meta":{"footnotes":""},"class_list":["post-1525","page","type-page","status-publish","hentry"],"_links":{"self":[{"href":"https:\/\/pepeslugano.com\/fr\/wp-json\/wp\/v2\/pages\/1525","targetHints":{"allow":["GET"]}}],"collection":[{"href":"https:\/\/pepeslugano.com\/fr\/wp-json\/wp\/v2\/pages"}],"about":[{"href":"https:\/\/pepeslugano.com\/fr\/wp-json\/wp\/v2\/types\/page"}],"author":[{"embeddable":true,"href":"https:\/\/pepeslugano.com\/fr\/wp-json\/wp\/v2\/users\/1"}],"replies":[{"embeddable":true,"href":"https:\/\/pepeslugano.com\/fr\/wp-json\/wp\/v2\/comments?post=1525"}],"version-history":[{"count":0,"href":"https:\/\/pepeslugano.com\/fr\/wp-json\/wp\/v2\/pages\/1525\/revisions"}],"wp:attachment":[{"href":"https:\/\/pepeslugano.com\/fr\/wp-json\/wp\/v2\/media?parent=1525"}],"curies":[{"name":"wp","href":"https:\/\/api.w.org\/{rel}","templated":true}]}}