{"id":2,"date":"2019-05-14T23:21:27","date_gmt":"2019-05-14T21:21:27","guid":{"rendered":"http:\/\/pepeslugano.com\/?page_id=2"},"modified":"2019-05-14T23:21:27","modified_gmt":"2019-05-14T21:21:27","slug":"pagina-ejemplo","status":"publish","type":"page","link":"https:\/\/pepeslugano.com\/fr\/page-dexemple\/","title":{"rendered":"Exemple de page"},"content":{"rendered":"<p>Il s'agit d'une page d'exemple. Elle diff\u00e8re d'un article de blog car elle restera \u00e0 un seul endroit et appara\u00eetra dans la navigation de votre site (dans la plupart des th\u00e8mes). La plupart des gens commencent par une page \"\u00c0 propos\" qui les pr\u00e9sente aux visiteurs potentiels du site. Vous pourriez dire quelque chose comme ceci :<\/p>\n\n\n\n<blockquote class=\"wp-block-quote is-layout-flow wp-block-quote-is-layout-flow\"><p>Bienvenue ! Je suis serveur le jour, aspirant acteur la nuit et ceci est mon site web. J'habite \u00e0 Mairena del Alcor, j'ai un chien qui s'appelle Firulais et j'aime le rebujito (et les longs apr\u00e8s-midi avec du caf\u00e9).<\/p><\/blockquote>\n\n\n\n<p>...ou quelque chose comme \u00e7a :<\/p>\n\n\n\n<blockquote class=\"wp-block-quote is-layout-flow wp-block-quote-is-layout-flow\"><p>L'entreprise \"Mariscos Recio\" a \u00e9t\u00e9 fond\u00e9e par Antonio Recio Mata. Au d\u00e9part, il s'agissait d'une petite entreprise qui fournissait des fruits de mer aux h\u00f4tels et aux restaurants, mais peu \u00e0 peu, elle s'est transform\u00e9e en un grand empire. Mariscos Recio, la mer au meilleur prix.<\/p><\/blockquote>\n\n\n\n<p>En tant que nouvel utilisateur de WordPress, vous devez vous rendre \u00e0 l'adresse suivante <a href=\"http:\/\/pepeslugano.com\/fr\/wp-admin\/\">votre bureau<\/a> pour supprimer cette page et cr\u00e9er de nouvelles pages pour votre contenu. Amusez-vous bien !<\/p>","protected":false},"excerpt":{"rendered":"<p>Il s'agit d'une page d'exemple. Elle est diff\u00e9rente d'un article de blog car elle restera \u00e0 un seul endroit et... <span class=\"tst-el-more\"><a href=\"https:\/\/pepeslugano.com\/fr\/page-dexemple\/\" class=\"tst-label tst-color tst-anima-link\">Lire la suite<\/a><\/span><\/p>","protected":false},"author":1,"featured_media":0,"parent":0,"menu_order":0,"comment_status":"closed","ping_status":"open","template":"","meta":{"footnotes":""},"class_list":["post-2","page","type-page","status-publish","hentry"],"_links":{"self":[{"href":"https:\/\/pepeslugano.com\/fr\/wp-json\/wp\/v2\/pages\/2","targetHints":{"allow":["GET"]}}],"collection":[{"href":"https:\/\/pepeslugano.com\/fr\/wp-json\/wp\/v2\/pages"}],"about":[{"href":"https:\/\/pepeslugano.com\/fr\/wp-json\/wp\/v2\/types\/page"}],"author":[{"embeddable":true,"href":"https:\/\/pepeslugano.com\/fr\/wp-json\/wp\/v2\/users\/1"}],"replies":[{"embeddable":true,"href":"https:\/\/pepeslugano.com\/fr\/wp-json\/wp\/v2\/comments?post=2"}],"version-history":[{"count":0,"href":"https:\/\/pepeslugano.com\/fr\/wp-json\/wp\/v2\/pages\/2\/revisions"}],"wp:attachment":[{"href":"https:\/\/pepeslugano.com\/fr\/wp-json\/wp\/v2\/media?parent=2"}],"curies":[{"name":"wp","href":"https:\/\/api.w.org\/{rel}","templated":true}]}}