{"id":3150,"date":"2014-12-01T14:32:33","date_gmt":"2014-12-01T14:32:33","guid":{"rendered":"http:\/\/themes.goodlayers.com\/thekeynote\/?page_id=3150"},"modified":"2014-12-01T14:32:33","modified_gmt":"2014-12-01T14:32:33","slug":"visual-editor-in-page-builder-2","status":"publish","type":"page","link":"https:\/\/pepeslugano.com\/fr\/visual-editor-in-page-builder-2\/","title":{"rendered":"\u00c9diteur visuel dans Page Builder"},"content":{"rendered":"<h3>Plus d'attente !<\/h3>\n<p>De nombreux clients nous demandaient d'ajouter un \u00e9diteur visuel dans le constructeur de pages et c'est chose faite. Nous avons ajout\u00e9 cette fonctionnalit\u00e9 impressionnante dans notre nouvelle structure de construction de pages !<\/p>\n<p><a href=\"http:\/\/themes.goodlayers2.com\/flawless\/wp-content\/uploads\/2013\/12\/feature-4-1.jpg\" target=\"_blank\" rel=\"noopener\"><img loading=\"lazy\" decoding=\"async\" class=\"alignnone size-full wp-image-1490\" alt=\"caract\u00e9ristique-4-1\" src=\"http:\/\/themes.goodlayers2.com\/flawless\/wp-content\/uploads\/2013\/12\/feature-4-1.jpg\" width=\"620\" height=\"600\" \/><\/a><\/p>","protected":false},"excerpt":{"rendered":"<p>Plus d'attente ! De nombreux clients nous demandaient d'ajouter un \u00e9diteur visuel dans le constructeur de pages et c'est chose faite.... <span class=\"tst-el-more\"><a href=\"https:\/\/pepeslugano.com\/fr\/visual-editor-in-page-builder-2\/\" class=\"tst-label tst-color tst-anima-link\">Lire la suite<\/a><\/span><\/p>","protected":false},"author":1,"featured_media":0,"parent":0,"menu_order":0,"comment_status":"closed","ping_status":"open","template":"","meta":{"footnotes":""},"class_list":["post-3150","page","type-page","status-publish","hentry"],"_links":{"self":[{"href":"https:\/\/pepeslugano.com\/fr\/wp-json\/wp\/v2\/pages\/3150","targetHints":{"allow":["GET"]}}],"collection":[{"href":"https:\/\/pepeslugano.com\/fr\/wp-json\/wp\/v2\/pages"}],"about":[{"href":"https:\/\/pepeslugano.com\/fr\/wp-json\/wp\/v2\/types\/page"}],"author":[{"embeddable":true,"href":"https:\/\/pepeslugano.com\/fr\/wp-json\/wp\/v2\/users\/1"}],"replies":[{"embeddable":true,"href":"https:\/\/pepeslugano.com\/fr\/wp-json\/wp\/v2\/comments?post=3150"}],"version-history":[{"count":0,"href":"https:\/\/pepeslugano.com\/fr\/wp-json\/wp\/v2\/pages\/3150\/revisions"}],"wp:attachment":[{"href":"https:\/\/pepeslugano.com\/fr\/wp-json\/wp\/v2\/media?parent=3150"}],"curies":[{"name":"wp","href":"https:\/\/api.w.org\/{rel}","templated":true}]}}