{"id":49,"date":"2018-12-19T08:00:09","date_gmt":"2018-12-19T08:00:09","guid":{"rendered":"http:\/\/demo.ovathemes.com\/reon\/?page_id=49"},"modified":"2022-08-12T14:13:30","modified_gmt":"2022-08-12T12:13:30","slug":"reservation-form-v1","status":"publish","type":"page","link":"https:\/\/pepeslugano.com\/fr\/formulaire-de-reservation-v1\/","title":{"rendered":"Formulaire de r\u00e9servation v1"},"content":{"rendered":"<div data-elementor-type=\"wp-post\" data-elementor-id=\"49\" class=\"elementor elementor-49 elementor-bc-flex-widget\">\n\t\t\t\t\t\t\t\t\t<section data-exad-particle-enable=\"false\" class=\"elementor-section elementor-top-section elementor-element elementor-element-2ab1139 elementor-section-full_width elementor-section-height-default elementor-section-height-default exad-parallax-effect-no exad-background-color-change-no exad-glass-effect-no wpr-particle-no wpr-jarallax-no wpr-parallax-no wpr-sticky-section-no exad-sticky-section-no\" data-id=\"2ab1139\" data-element_type=\"section\">\n\t\t\t\t\t\t<div class=\"elementor-container elementor-column-gap-no\">\n\t\t\t\t\t<div class=\"elementor-column elementor-col-100 elementor-top-column elementor-element elementor-element-4e593f6 exad-glass-effect-no exad-sticky-section-no\" data-id=\"4e593f6\" data-element_type=\"column\">\n\t\t\t<div class=\"elementor-widget-wrap\">\n\t\t\t\t\t\t\t\t\t<\/div>\n\t\t<\/div>\n\t\t\t\t\t\t\t<\/div>\n\t\t<\/section>\n\t\t\t\t<section data-exad-particle-enable=\"false\" class=\"elementor-section elementor-top-section elementor-element elementor-element-276c555 elementor-section-boxed elementor-section-height-default elementor-section-height-default exad-parallax-effect-no exad-background-color-change-no exad-glass-effect-no wpr-particle-no wpr-jarallax-no wpr-parallax-no wpr-sticky-section-no exad-sticky-section-no\" data-id=\"276c555\" data-element_type=\"section\">\n\t\t\t\t\t\t<div class=\"elementor-container elementor-column-gap-default\">\n\t\t\t\t\t<div class=\"elementor-column elementor-col-50 elementor-top-column elementor-element elementor-element-8f66d30 exad-glass-effect-no exad-sticky-section-no\" data-id=\"8f66d30\" data-element_type=\"column\">\n\t\t\t<div class=\"elementor-widget-wrap elementor-element-populated\">\n\t\t\t\t\t\t\t\t<div class=\"elementor-element elementor-element-f3be84c exad-sticky-section-no exad-glass-effect-no elementor-widget elementor-widget-text-editor\" data-id=\"f3be84c\" data-element_type=\"widget\" data-widget_type=\"text-editor.default\">\n\t\t\t\t<div class=\"elementor-widget-container\">\n\t\t\t<style>\/*! elementor - v3.15.0 - 02-08-2023 *\/\n.elementor-widget-text-editor.elementor-drop-cap-view-stacked .elementor-drop-cap{background-color:#69727d;color:#fff}.elementor-widget-text-editor.elementor-drop-cap-view-framed .elementor-drop-cap{color:#69727d;border:3px solid;background-color:transparent}.elementor-widget-text-editor:not(.elementor-drop-cap-view-default) .elementor-drop-cap{margin-top:8px}.elementor-widget-text-editor:not(.elementor-drop-cap-view-default) .elementor-drop-cap-letter{width:1em;height:1em}.elementor-widget-text-editor .elementor-drop-cap{float:left;text-align:center;line-height:1;font-size:50px}.elementor-widget-text-editor .elementor-drop-cap-letter{display:inline-block}<\/style>\t\t\t\t<p>Mauris rhoncus aenean vel elit scelerisque mauris pellentesque. Les r\u00e9sultats de l'enqu\u00eate ont \u00e9t\u00e9 publi\u00e9s dans la presse et dans la presse \u00e9crite, et les r\u00e9sultats de l'enqu\u00eate ont \u00e9t\u00e9 publi\u00e9s dans la presse et dans la presse \u00e9crite.<\/p><p class=\"last\">\u00a0<\/p>\t\t\t\t\t\t<\/div>\n\t\t\t\t<\/div>\n\t\t\t\t<div class=\"elementor-element elementor-element-1b76fb2 exad-sticky-section-no exad-glass-effect-no elementor-widget elementor-widget-shortcode\" data-id=\"1b76fb2\" data-element_type=\"widget\" data-widget_type=\"shortcode.default\">\n\t\t\t\t<div class=\"elementor-widget-container\">\n\t\t\t\t\t<div class=\"elementor-shortcode\">\n<div class=\"wpcf7 no-js\" id=\"wpcf7-f1422-o1\" lang=\"en-US\" dir=\"ltr\">\n<div class=\"screen-reader-response\"><p role=\"status\" aria-live=\"polite\" aria-atomic=\"true\"><\/p> <ul><\/ul><\/div>\n<form action=\"\/fr\/wp-json\/wp\/v2\/pages\/49#wpcf7-f1422-o1\" method=\"post\" class=\"wpcf7-form init\" aria-label=\"Formulaire de contact\" novalidate=\"novalidate\" data-status=\"init\" data-trp-original-action=\"\/fr\/wp-json\/wp\/v2\/pages\/49#wpcf7-f1422-o1\">\n<div style=\"display: none;\">\n<input type=\"hidden\" name=\"_wpcf7\" value=\"1422\" \/>\n<input type=\"hidden\" name=\"_wpcf7_version\" value=\"5.8\" \/>\n<input type=\"hidden\" name=\"_wpcf7_locale\" value=\"en_US\" \/>\n<input type=\"hidden\" name=\"_wpcf7_unit_tag\" value=\"wpcf7-f1422-o1\" \/>\n<input type=\"hidden\" name=\"_wpcf7_container_post\" value=\"0\" \/>\n<input type=\"hidden\" name=\"_wpcf7_posted_data_hash\" value=\"\" \/>\n<\/div>\n<div class=\"container-fluid\"><div class=\"row reservation_form_1\">\n\n\t<div class=\"col-md-4 pl-0 reon-mb\">\n\t\t<span class=\"wpcf7-form-control-wrap\" data-name=\"your-name\"><input size=\"40\" class=\"wpcf7-form-control wpcf7-text wpcf7-validates-as-required\" aria-required=\"true\" aria-invalid=\"false\" placeholder=\"votre nom\" value=\"\" type=\"text\" name=\"your-name\" \/><\/span>\n\t<\/div>\n\t<div class=\"col-md-4 reon-mb\">\n\t\t<span class=\"wpcf7-form-control-wrap\" data-name=\"your-email\"><input size=\"40\" class=\"wpcf7-form-control wpcf7-email wpcf7-text wpcf7-validates-as-email\" aria-invalid=\"false\" placeholder=\"mail@email.com\" value=\"\" type=\"email\" name=\"your-email\" \/><\/span>\n\t<\/div>\n\t<div class=\"col-md-4 pr-0 reon-mb\">\n\t\t<span class=\"wpcf7-form-control-wrap\" data-name=\"your-tel\"><input size=\"40\" class=\"wpcf7-form-control wpcf7-tel wpcf7-validates-as-required wpcf7-text wpcf7-validates-as-tel\" aria-required=\"true\" aria-invalid=\"false\" placeholder=\"+61 45678789\" value=\"\" type=\"tel\" name=\"your-tel\" \/><\/span>\n\t<\/div>\n\n\t<div class=\"col-md-4 pl-0 reon-mb\">\n\t\t<span class=\"wpcf7-form-control-wrap\" data-name=\"people\"><select class=\"wpcf7-form-control wpcf7-select wpcf7-validates-as-required input-text\" id=\"people\" aria-required=\"true\" aria-invalid=\"false\" name=\"people\"><option value=\"1 Person\">1 personne<\/option><option value=\"2 Person\">2 personnes<\/option><option value=\"3 Person\">3 personnes<\/option><option value=\"4 Person\">4 personnes<\/option><\/select><\/span>\n\t<\/div>\n\n\t<div class=\"col-md-4 reon-mb\">\n<span class=\"wpcf7-form-control-wrap\" data-name=\"date\"><input size=\"40\" class=\"wpcf7-form-control wpcf7-text wpcf7-validates-as-required date\" aria-required=\"true\" aria-invalid=\"false\" placeholder=\"05\/20\/2019\" value=\"\" type=\"text\" name=\"date\" \/><\/span>\n\n\t<\/div>\n\n\t<div class=\"col-md-4 pr-0 reon-mb\">\n\t\t<span class=\"wpcf7-form-control-wrap\" data-name=\"time\"><select class=\"wpcf7-form-control wpcf7-select wpcf7-validates-as-required input-text\" id=\"time\" aria-required=\"true\" aria-invalid=\"false\" name=\"time\"><option value=\"9:00am\">9h00<\/option><option value=\"10:00am\">10h00<\/option><option value=\"11:00am\">11:00am<\/option><option value=\"12:am\">12:am<\/option><option value=\"4:00pm\">4:00pm<\/option><option value=\"5:00pm\">5:00pm<\/option><option value=\"6:00pm\">6:00pm<\/option><option value=\"7:pm\">7:pm<\/option><option value=\"8:00pm\">8:00pm<\/option><option value=\"9:00pm\">9:00pm<\/option><\/select><\/span>\n\t<\/div>\n\n\t<div class=\"col-md-12 text-left pl-0 reon-mb\">\n\t<input class=\"wpcf7-form-control wpcf7-submit has-spinner submit au-btn au-btn-yellow btn-medium\" type=\"submit\" value=\"R\u00c9SERVER UNE TABLE\" \/>\n\t<\/div>\n\t\n<\/div><\/div><div class=\"wpcf7-response-output\" aria-hidden=\"true\"><\/div>\n<input type=\"hidden\" name=\"trp-form-language\" value=\"fr\"\/><\/form>\n<\/div>\n<\/div>\n\t\t\t\t<\/div>\n\t\t\t\t<\/div>\n\t\t\t\t\t<\/div>\n\t\t<\/div>\n\t\t\t\t<div class=\"elementor-column elementor-col-50 elementor-top-column elementor-element elementor-element-05b90ab exad-glass-effect-no exad-sticky-section-no\" data-id=\"05b90ab\" data-element_type=\"column\">\n\t\t\t<div class=\"elementor-widget-wrap elementor-element-populated\">\n\t\t\t\t\t\t\t\t<div class=\"elementor-element elementor-element-bd91325 elementor-hidden-tablet exad-sticky-section-no exad-glass-effect-no elementor-widget elementor-widget-image\" data-id=\"bd91325\" data-element_type=\"widget\" data-widget_type=\"image.default\">\n\t\t\t\t<div class=\"elementor-widget-container\">\n\t\t\t<style>\/*! elementor - v3.15.0 - 02-08-2023 *\/\n.elementor-widget-image{text-align:center}.elementor-widget-image a{display:inline-block}.elementor-widget-image a img[src$=\".svg\"]{width:48px}.elementor-widget-image img{vertical-align:middle;display:inline-block}<\/style>\t\t\t\t\t\t\t\t\t\t\t\t<img loading=\"lazy\" decoding=\"async\" width=\"750\" height=\"865\" src=\"https:\/\/pepeslugano.com\/wp-content\/uploads\/2018\/12\/reservation-v1-1.jpg\" class=\"attachment-large size-large wp-image-1418\" alt=\"\" srcset=\"https:\/\/pepeslugano.com\/wp-content\/uploads\/2018\/12\/reservation-v1-1.jpg 750w, https:\/\/pepeslugano.com\/wp-content\/uploads\/2018\/12\/reservation-v1-1-260x300.jpg 260w\" sizes=\"auto, (max-width: 750px) 100vw, 750px\" \/>\t\t\t\t\t\t\t\t\t\t\t\t\t\t\t<\/div>\n\t\t\t\t<\/div>\n\t\t\t\t\t<\/div>\n\t\t<\/div>\n\t\t\t\t\t\t\t<\/div>\n\t\t<\/section>\n\t\t\t\t<section data-exad-particle-enable=\"false\" class=\"elementor-section elementor-top-section elementor-element elementor-element-96d1787 elementor-section-boxed elementor-section-height-default elementor-section-height-default exad-parallax-effect-no exad-background-color-change-no exad-glass-effect-no wpr-particle-no wpr-jarallax-no wpr-parallax-no wpr-sticky-section-no exad-sticky-section-no\" data-id=\"96d1787\" data-element_type=\"section\" data-settings=\"{&quot;background_background&quot;:&quot;classic&quot;}\">\n\t\t\t\t\t\t<div class=\"elementor-container elementor-column-gap-default\">\n\t\t\t\t\t<div class=\"elementor-column elementor-col-33 elementor-top-column elementor-element elementor-element-e43f0c8 exad-glass-effect-no exad-sticky-section-no\" data-id=\"e43f0c8\" data-element_type=\"column\">\n\t\t\t<div class=\"elementor-widget-wrap\">\n\t\t\t\t\t\t\t\t\t<\/div>\n\t\t<\/div>\n\t\t\t\t<div class=\"elementor-column elementor-col-33 elementor-top-column elementor-element elementor-element-f5e95aa exad-glass-effect-no exad-sticky-section-no\" data-id=\"f5e95aa\" data-element_type=\"column\">\n\t\t\t<div class=\"elementor-widget-wrap\">\n\t\t\t\t\t\t\t\t\t<\/div>\n\t\t<\/div>\n\t\t\t\t<div class=\"elementor-column elementor-col-33 elementor-top-column elementor-element elementor-element-e2fb5ef exad-glass-effect-no exad-sticky-section-no\" data-id=\"e2fb5ef\" data-element_type=\"column\">\n\t\t\t<div class=\"elementor-widget-wrap\">\n\t\t\t\t\t\t\t\t\t<\/div>\n\t\t<\/div>\n\t\t\t\t\t\t\t<\/div>\n\t\t<\/section>\n\t\t\t\t\t\t\t<\/div>","protected":false},"excerpt":{"rendered":"<p>R\u00e9servation Volutpat odio facilisis mauris sit. Consectetur adipiscing elit pellentesque habitant morbi tristique. R\u00e9servation R\u00c9SERVER UNE TABLE Mauris rhoncus aenean... <span class=\"tst-el-more\"><a href=\"https:\/\/pepeslugano.com\/fr\/formulaire-de-reservation-v1\/\" class=\"tst-label tst-color tst-anima-link\">Lire la suite<\/a><\/span><\/p>","protected":false},"author":1,"featured_media":0,"parent":0,"menu_order":0,"comment_status":"closed","ping_status":"closed","template":"elementor_header_footer","meta":{"footnotes":""},"class_list":["post-49","page","type-page","status-publish","hentry"],"_links":{"self":[{"href":"https:\/\/pepeslugano.com\/fr\/wp-json\/wp\/v2\/pages\/49","targetHints":{"allow":["GET"]}}],"collection":[{"href":"https:\/\/pepeslugano.com\/fr\/wp-json\/wp\/v2\/pages"}],"about":[{"href":"https:\/\/pepeslugano.com\/fr\/wp-json\/wp\/v2\/types\/page"}],"author":[{"embeddable":true,"href":"https:\/\/pepeslugano.com\/fr\/wp-json\/wp\/v2\/users\/1"}],"replies":[{"embeddable":true,"href":"https:\/\/pepeslugano.com\/fr\/wp-json\/wp\/v2\/comments?post=49"}],"version-history":[{"count":1,"href":"https:\/\/pepeslugano.com\/fr\/wp-json\/wp\/v2\/pages\/49\/revisions"}],"predecessor-version":[{"id":10882,"href":"https:\/\/pepeslugano.com\/fr\/wp-json\/wp\/v2\/pages\/49\/revisions\/10882"}],"wp:attachment":[{"href":"https:\/\/pepeslugano.com\/fr\/wp-json\/wp\/v2\/media?parent=49"}],"curies":[{"name":"wp","href":"https:\/\/api.w.org\/{rel}","templated":true}]}}