{"id":653,"date":"2013-11-29T11:49:12","date_gmt":"2013-11-29T11:49:12","guid":{"rendered":"http:\/\/themes.goodlayers2.com\/flawless\/?page_id=653"},"modified":"2013-11-29T11:49:12","modified_gmt":"2013-11-29T11:49:12","slug":"icons-icon-boxes","status":"publish","type":"page","link":"https:\/\/pepeslugano.com\/fr\/boites-a-icones\/","title":{"rendered":"ic\u00f4nes et bo\u00eetes \u00e0 ic\u00f4nes"},"content":{"rendered":"<p>[gdlr_heading tag=\"h2\u2033 size=\"26px\" font_weight=\"bold\"]icons &amp; icon with boxes[\/gdlr_heading].<br \/>\n[gdlr_space height=\"40px\"]<\/p>\n<p>[gdlr_row]<\/p>\n<p>[gdlr_column size=\"1\/3\u2033]<\/p>\n<p>[gdlr_box_icon icon=\"fa-gears\" icon_color=\"#4040\u2033 icon_position=\"top\" title=\"icon on the top\" ]Curabitur blandit tempus porttitor. Cras justo odio, dapibus ac facilisis in, egestas eget quam. Aenean eu leo quam [\/gdlr_box_icon].<\/p>\n<p>[\/gdlr_column] [\/gdlr_column<\/p>\n<p>[gdlr_column size=\"1\/3\u2033]<\/p>\n<p>[gdlr_box_icon icon=\"fa-eye\" icon_color=\"#4040\u2033 icon_position=\"top\" title=\"icon on the top\" ]Curabitur blandit tempus porttitor. Cras justo odio, dapibus ac facilisis in, egestas eget quam. Aenean eu leo quam [\/gdlr_box_icon].<\/p>\n<p>[\/gdlr_column] [\/gdlr_column<\/p>\n<p>[gdlr_column size=\"1\/3\u2033]<\/p>\n<p>[gdlr_box_icon icon=\"fa-trophy\" icon_color=\"#4040\u2033 icon_position=\"top\" title=\"icon on the top\" ]Curabitur blandit tempus porttitor. Cras justo odio, dapibus ac facilisis in, egestas eget quam. Aenean eu leo quam [\/gdlr_box_icon].<\/p>\n<p>[\/gdlr_column] [\/gdlr_column<\/p>\n<p>[\/gdlr_row]<\/p>\n<p>[gdlr_space height=\"40px\"]<\/p>\n<p>[gdlr_row]<\/p>\n<p>[gdlr_column size=\"1\/2\u2033]<\/p>\n<p>[gdlr_box_icon icon=\"fa-copy\" icon_color=\"#4984d5\u2033 icon_position=\"left\" title=\"icon on the top\" ]Curabitur blandit tempus porjusto odio, dapibus ac facilisis in, egestas eget quam. Aenen eu leo quam. Le site web de l'association a \u00e9t\u00e9 mis en ligne sur le site web de l'association et est disponible sur le site web de l'association.<\/p>\n<p>[\/gdlr_column] [\/gdlr_column<\/p>\n<p>[gdlr_column size=\"1\/2\u2033]<\/p>\n<p>[gdlr_box_icon icon=\"fa-dashboard\" icon_color=\"#d55949\u2033 icon_position=\"left\" title=\"icon on the top\" ]Curabitur blandit tempus porjusto odio, dapibus ac facilisis in, egestas eget quam. Aenen eu leo quam. Le r\u00e9sultat de cette \u00e9tude est que l'on ne peut pas dire que l'on a fait des progr\u00e8s dans le domaine de l'\u00e9ducation.[\/gdlr_box_icon]<\/p>\n<p>[\/gdlr_column] [\/gdlr_column<\/p>\n<p>[\/gdlr_row]<\/p>\n<p>[gdlr_space height=\"40px\"]<\/p>\n<p>[gdlr_code title=\"Obtenir le code\" active=\"no\"]<\/p>\n<p>[gdlr_row]<\/p>\n<p>[gdlr_column size=\"1\/3\u2033]<\/p>\n<p>[gdlr_box_icon icon=\"fa-gears\" icon_color=\"#4040\u2033 icon_position=\"top\" title=\"icon on the top\" ]Curabitur blandit tempus porttitor. Cras justo odio, dapibus ac facilisis in, egestas eget quam. Aenean eu leo quam [\/gdlr_box_icon].<\/p>\n<p>[\/gdlr_column] [\/gdlr_column<\/p>\n<p>[gdlr_column size=\"1\/3\u2033]<\/p>\n<p>[gdlr_box_icon icon=\"fa-eye\" icon_color=\"#4040\u2033 icon_position=\"top\" title=\"icon on the top\" ]Curabitur blandit tempus porttitor. Cras justo odio, dapibus ac facilisis in, egestas eget quam. Aenean eu leo quam [\/gdlr_box_icon].<\/p>\n<p>[\/gdlr_column] [\/gdlr_column<\/p>\n<p>[gdlr_column size=\"1\/3\u2033]<\/p>\n<p>[gdlr_box_icon icon=\"fa-trophy\" icon_color=\"#4040\u2033 icon_position=\"top\" title=\"icon on the top\" ]Curabitur blandit tempus porttitor. Cras justo odio, dapibus ac facilisis in, egestas eget quam. Aenean eu leo quam [\/gdlr_box_icon].<\/p>\n<p>[\/gdlr_column] [\/gdlr_column<\/p>\n<p>[\/gdlr_row]<\/p>\n<p>[gdlr_space height=\"40px\"]<\/p>\n<p>[gdlr_row]<\/p>\n<p>[gdlr_column size=\"1\/2\u2033]<\/p>\n<p>[gdlr_box_icon icon=\"fa-copy\" icon_color=\"#4984d5\u2033 icon_position=\"left\" title=\"icon on the top\" ]Curabitur blandit tempus porjusto odio, dapibus ac facilisis in, egestas eget quam. Aenen eu leo quam. Le site web de l'association a \u00e9t\u00e9 mis en ligne sur le site web de l'association et est disponible sur le site web de l'association.<\/p>\n<p>[\/gdlr_column] [\/gdlr_column<\/p>\n<p>[gdlr_column size=\"1\/2\u2033]<\/p>\n<p>[gdlr_box_icon icon=\"fa-dashboard\" icon_color=\"#d55949\u2033 icon_position=\"left\" title=\"icon on the top\" ]Curabitur blandit tempus porjusto odio, dapibus ac facilisis in, egestas eget quam. Aenen eu leo quam. Le r\u00e9sultat de cette \u00e9tude est que l'on ne peut pas dire que l'on a fait des progr\u00e8s dans le domaine de l'\u00e9ducation.[\/gdlr_box_icon]<\/p>\n<p>[\/gdlr_column] [\/gdlr_column<\/p>\n<p>[\/gdlr_row]<\/p>\n<p>[\/gdlr_code]<\/p>\n<p>[gdlr_space height=\"80px\"]<\/p>\n<p>[gdlr_row]<\/p>\n<p>[gdlr_column size=\"1\/3\u2033]<\/p>\n<p>[gdlr_box_icon icon=\"fa-gears\" icon_type=\"circle\" icon_color=\"#ffffffff\" icon_background=\"#d55949\u2033 icon_position=\"top\" title=\"icon on the top\" ]Curabitur blandit tempus porttitor. Cras justo odio, dapibus ac facilisis in, egestas eget quam. Aenean eu leo quam [\/gdlr_box_icon].<\/p>\n<p>[\/gdlr_column] [\/gdlr_column<\/p>\n<p>[gdlr_column size=\"1\/3\u2033]<\/p>\n<p>[gdlr_box_icon icon=\"fa-coffee\" icon_type=\"circle\" icon_color=\"#ffffff\" icon_position=\"top\" title=\"icon on the top\" ]Curabitur blandit tempus porttitor. Cras justo odio, dapibus ac facilisis in, egestas eget quam. Aenean eu leo quam [\/gdlr_box_icon].<\/p>\n<p>[\/gdlr_column] [\/gdlr_column<\/p>\n<p>[gdlr_column size=\"1\/3\u2033]<\/p>\n<p>[gdlr_box_icon icon=\"fa-dropbox\" icon_type=\"circle\" icon_color=\"#ffffffff\" icon_background=\"#4984d5\u2033 icon_position=\"top\" title=\"icon on the top\" ]Curabitur blandit tempus porttitor. Cras justo odio, dapibus ac facilisis in, egestas eget quam. Aenean eu leo quam [\/gdlr_box_icon].<\/p>\n<p>[\/gdlr_column] [\/gdlr_column<\/p>\n<p>[\/gdlr_row]<\/p>\n<p>[gdlr_space height=\"40px\"]<\/p>\n<p>[gdlr_row]<\/p>\n<p>[gdlr_column size=\"1\/2\u2033]<\/p>\n<p>[gdlr_box_icon icon=\"fa-flag-alt\" icon_type=\"circle\" icon_color=\"#ffffffff\" icon_background=\"#6049d5\u2033 icon_position=\"left\" title=\"icon on the top\" ]Curabitur blandit tempus porjusto odio, dapibus ac facilisis in, egestas eget quam. Aenen eu leo quam. Le site internet de l'association a \u00e9t\u00e9 mis en ligne sur le site internet de l'association et est disponible sur le site internet de l'association.<\/p>\n<p>[\/gdlr_column] [\/gdlr_column<\/p>\n<p>[gdlr_column size=\"1\/2\u2033]<\/p>\n<p>[gdlr_box_icon icon=\"fa-cloud\" icon_type=\"circle\" icon_color=\"#ffffffff\" icon_background=\"#49d5c0\u2033 icon_position=\"left\" title=\"icon on the top\" ]Curabitur blandit tempus porjusto odio, dapibus ac facilisis in, egestas eget quam. Aenen eu leo quam. Le r\u00e9sultat de cette \u00e9tude est que l'on ne peut pas dire que l'on a fait des progr\u00e8s dans le domaine de l'\u00e9ducation.[\/gdlr_box_icon]<\/p>\n<p>[\/gdlr_column] [\/gdlr_column<\/p>\n<p>[\/gdlr_row]<\/p>\n<p>[gdlr_space height=\"40px\"]<\/p>\n<p>[gdlr_code title=\"Obtenir le code\" active=\"no\"]<\/p>\n<p>[gdlr_row]<\/p>\n<p>[gdlr_column size=\"1\/3\u2033]<\/p>\n<p>[gdlr_box_icon icon=\"fa-gears\" icon_type=\"circle\" icon_color=\"#ffffffff\" icon_background=\"#d55949\u2033 icon_position=\"top\" title=\"icon on the top\" ]Curabitur blandit tempus porttitor. Cras justo odio, dapibus ac facilisis in, egestas eget quam. Aenean eu leo quam [\/gdlr_box_icon].<\/p>\n<p>[\/gdlr_column] [\/gdlr_column<\/p>\n<p>[gdlr_column size=\"1\/3\u2033]<\/p>\n<p>[gdlr_box_icon icon=\"fa-coffee\" icon_type=\"circle\" icon_color=\"#ffffff\" icon_position=\"top\" title=\"icon on the top\" ]Curabitur blandit tempus porttitor. Cras justo odio, dapibus ac facilisis in, egestas eget quam. Aenean eu leo quam [\/gdlr_box_icon].<\/p>\n<p>[\/gdlr_column] [\/gdlr_column<\/p>\n<p>[gdlr_column size=\"1\/3\u2033]<\/p>\n<p>[gdlr_box_icon icon=\"fa-dropbox\" icon_type=\"circle\" icon_color=\"#ffffffff\" icon_background=\"#4984d5\u2033 icon_position=\"top\" title=\"icon on the top\" ]Curabitur blandit tempus porttitor. Cras justo odio, dapibus ac facilisis in, egestas eget quam. Aenean eu leo quam [\/gdlr_box_icon].<\/p>\n<p>[\/gdlr_column] [\/gdlr_column<\/p>\n<p>[\/gdlr_row]<\/p>\n<p>[gdlr_space height=\"40px\"]<\/p>\n<p>[gdlr_row]<\/p>\n<p>[gdlr_column size=\"1\/2\u2033]<\/p>\n<p>[gdlr_box_icon icon=\"fa-flag-alt\" icon_type=\"circle\" icon_color=\"#ffffffff\" icon_background=\"#6049d5\u2033 icon_position=\"left\" title=\"icon on the top\" ]Curabitur blandit tempus porjusto odio, dapibus ac facilisis in, egestas eget quam. Aenen eu leo quam. Le site internet de l'association a \u00e9t\u00e9 mis en ligne sur le site internet de l'association et est disponible sur le site internet de l'association.<\/p>\n<p>[\/gdlr_column] [\/gdlr_column<\/p>\n<p>[gdlr_column size=\"1\/2\u2033]<\/p>\n<p>[gdlr_box_icon icon=\"fa-cloud\" icon_type=\"circle\" icon_color=\"#ffffffff\" icon_background=\"#49d5c0\u2033 icon_position=\"left\" title=\"icon on the top\" ]Curabitur blandit tempus porjusto odio, dapibus ac facilisis in, egestas eget quam. Aenen eu leo quam. Le r\u00e9sultat de cette \u00e9tude est que l'on ne peut pas dire que l'on a fait des progr\u00e8s dans le domaine de l'\u00e9ducation.[\/gdlr_box_icon]<\/p>\n<p>[\/gdlr_column] [\/gdlr_column<\/p>\n<p>[\/gdlr_row]<\/p>\n<p>[\/gdlr_code]<\/p>\n<p>[gdlr_space height=\"80px\"]<\/p>\n<p>[gdlr_heading tag=\"h3\u2033 size=\"24px\" font_weight=\"normal\"]Only Icon[\/gdlr_heading].<\/p>\n<p>[gdlr_space height=\"40px\"]<\/p>\n<p>[gdlr_icon type=\"fa-fire\" size=\"36px\" color=\"#333333\u2033] [gdlr_icon type=\"fa-instagram\" size=\"36px\" color=\"#333333\u2033] [gdlr_icon type=\"fa-bell\" size=\"36px\" color=\"#333333\u2033] [gdlr_icon type=\"fa-bolt\" size=\"36px\" color=\"#333333\u2033] [gdlr_icon type=\"fa-html5\u2033 size=\"36px\" color=\"#333333\u2033] [gdlr_icon type=\"fa-gamepad\" size=\"36px\" color=\"#333333\u2033] [gdlr_icon type=\"fa-globe\" size=\"36px\" color=\"#333333\u2033] [gdlr_icon type=\"fa-heart\" size=\"36px\" color=\"#333333\u2033] [gdlr_icon type=\"fa-group\" size=\"36px\" color=\"#333333\u2033] [gdlr_icon type=\"fa-gears\" size=\"36px\" color=\"#333333\u2033] [gdlr_icon type=\"fa-dollar\" size=\"36px\" color=\"#333333\u2033] [gdlr_icon type=\"fa-star\" size=\"36px\" color=\"#333333\u2033] [gdlr_icon type=\"fa-truck\" size=\"36px\" color=\"#333333\u2033]<\/p>\n<p>[gdlr_space height=\"40px\"]<\/p>\n<p>[gdlr_code title=\"Obtenir le code\" active=\"no\"]<\/p>\n<p>[gdlr_icon type=\"fa-fire\" size=\"36px\" colour=\"#3333\u2033]<br \/>\n[gdlr_icon type=\"fa-instagram\" size=\"36px\" colour=\"#333333\u2033]<br \/>\n[gdlr_icon type=\"fa-bell\" size=\"36px\" colour=\"#333333\u2033]<br \/>\n[gdlr_icon type=\"fa-bolt\" size=\"36px\" colour=\"#333333\u2033]<br \/>\n[gdlr_icon type=\"fa-html5\u2033 size=\"36px\" colour=\"#333333\u2033]<br \/>\n[gdlr_icon type=\"fa-gamepad\" size=\"36px\" colour=\"#333333\u2033]<br \/>\n[gdlr_icon type=\"fa-globe\" size=\"36px\" colour=\"#333333\u2033]<br \/>\n[gdlr_icon type=\"fa-heart\" size=\"36px\" colour=\"#333333\u2033]<br \/>\n[gdlr_icon type=\"fa-group\" size=\"36px\" colour=\"#333333\u2033]<br \/>\n[gdlr_icon type=\"fa-gears\" size=\"36px\" colour=\"#333333\u2033]<br \/>\n[gdlr_icon type=\"fa-dollar\" size=\"36px\" colour=\"#333333\u2033]<br \/>\n[gdlr_icon type=\"fa-star\" size=\"36px\" colour=\"#333333\u2033]<br \/>\n[gdlr_icon type=\"fa-truck\" size=\"36px\" colour=\"#333333\u2033]<\/p>\n<p>[\/gdlr_code]<\/p>\n<p>[gdlr_space height=\"40px\"]<\/p>\n<p>[gdlr_button href=\"http:\/\/fortawesome.github.io\/Font-Awesome\/cheatsheet\/\" target=\"_blank\" size=\"large\" background=\"#d64f78\u2033 color=\"#ffffffff\" with_border=\"yes\" border_color=\"#95445c\"]La liste de toutes les ic\u00f4nes peut \u00eatre consult\u00e9e ici[\/gdlr_button].<\/p>\n<p>[gdlr_space height=\"80px\"]<\/p>\n<p>[gdlr_heading tag=\"h3\u2033 size=\"24px\" font_weight=\"normal\"]Ic\u00f4ne de couleur[\/gdlr_heading].<\/p>\n<p>[gdlr_icon type=\"fa-fire\" size=\"60px\" color=\"#91d549\u2033] [gdlr_icon type=\"fa-instagram\" size=\"60px\" color=\"#49d5c0\u2033] [gdlr_icon type=\"fa-bell\" size=\"60px\" color=\"#4984d5\u2033] [gdlr_icon type=\"fa-bolt\" size=\"60px\" color=\"#ea803a\"] [gdlr_icon type=\"fa-html5\u2033 size=\"60px\" color=\"#e5427b\"] [gdlr_icon type=\"fa-gamepad\" size=\"60px\" color=\"#d55949\u2033] [gdlr_icon type=\"fa-globe\" size=\"60px\" color=\"#4984984d5\u2033]<\/p>\n<p>[gdlr_space height=\"40px\"]<\/p>\n<p>[gdlr_code title=\"Obtenir le code\" active=\"no\"]<\/p>\n<p>[gdlr_icon type=\"fa-fire\" size=\"60px\" colour=\"#91d549\u2033]<br \/>\n[gdlr_icon type=\"fa-instagram\" size=\"60px\" colour=\"#49d5c0\u2033]<br \/>\n[gdlr_icon type=\"fa-bell\" size=\"60px\" colour=\"#4984d5\u2033]<br \/>\n[gdlr_icon type=\"fa-bolt\" size=\"60px\" colour=\"#ea803a\"]<br \/>\n[gdlr_icon type=\"fa-html5\u2033 size=\"60px\" colour=\"#e5427b\"]<br \/>\n[gdlr_icon type=\"fa-gamepad\" size=\"60px\" colour=\"#d55949\u2033]<br \/>\n[gdlr_icon type=\"fa-globe\" size=\"60px\" colour=\"#4984d5\u2033]<\/p>\n<p>[\/gdlr_code]<\/p>\n<p>[gdlr_space height=\"80px\"]<\/p>","protected":false},"excerpt":{"rendered":"<p>[gdlr_heading tag=\"h2\u2033 size=\"26px\" font_weight=\"bold\"]ic\u00f4nes &amp; ic\u00f4nes avec bo\u00eetes[\/gdlr_heading] [gdlr_space height=\"40px\"] [gdlr_row] [gdlr_column size=\"1\/3\u2033] [gdlr_box_icon icon=\"fa-gears\" icon_color=\"#4040\u2033 icon_position=\"top\" title=\"ic\u00f4ne sur le... <span class=\"tst-el-more\"><a href=\"https:\/\/pepeslugano.com\/fr\/boites-a-icones\/\" class=\"tst-label tst-color tst-anima-link\">Lire la suite<\/a><\/span><\/p>","protected":false},"author":1,"featured_media":0,"parent":0,"menu_order":0,"comment_status":"closed","ping_status":"open","template":"","meta":{"footnotes":""},"class_list":["post-653","page","type-page","status-publish","hentry"],"_links":{"self":[{"href":"https:\/\/pepeslugano.com\/fr\/wp-json\/wp\/v2\/pages\/653","targetHints":{"allow":["GET"]}}],"collection":[{"href":"https:\/\/pepeslugano.com\/fr\/wp-json\/wp\/v2\/pages"}],"about":[{"href":"https:\/\/pepeslugano.com\/fr\/wp-json\/wp\/v2\/types\/page"}],"author":[{"embeddable":true,"href":"https:\/\/pepeslugano.com\/fr\/wp-json\/wp\/v2\/users\/1"}],"replies":[{"embeddable":true,"href":"https:\/\/pepeslugano.com\/fr\/wp-json\/wp\/v2\/comments?post=653"}],"version-history":[{"count":0,"href":"https:\/\/pepeslugano.com\/fr\/wp-json\/wp\/v2\/pages\/653\/revisions"}],"wp:attachment":[{"href":"https:\/\/pepeslugano.com\/fr\/wp-json\/wp\/v2\/media?parent=653"}],"curies":[{"name":"wp","href":"https:\/\/api.w.org\/{rel}","templated":true}]}}