{"id":11311,"date":"2022-08-16T19:11:15","date_gmt":"2022-08-16T17:11:15","guid":{"rendered":"https:\/\/pepeslugano.com\/?post_type=product&#038;p=11311"},"modified":"2022-08-16T19:11:15","modified_gmt":"2022-08-16T17:11:15","slug":"pina-colada","status":"publish","type":"product","link":"https:\/\/pepeslugano.com\/fr\/product\/pina-colada\/","title":{"rendered":"Ananas-colada"},"content":{"rendered":"<p>Noix de coco, jus d'ananas, cr\u00e8me \u00e9paisse, lait, glace pil\u00e9e<\/p>","protected":false},"excerpt":{"rendered":"<p>Noix de coco, jus d'ananas, cr\u00e8me \u00e9paisse, lait, glace pil\u00e9e<\/p>","protected":false},"featured_media":0,"template":"","meta":[],"product_cat":[177],"product_tag":[],"class_list":{"0":"post-11311","1":"product","2":"type-product","3":"status-publish","5":"product_cat-coctels-coctels-cocktails","7":"first","8":"instock","9":"shipping-taxable","10":"purchasable","11":"product-type-simple"},"_links":{"self":[{"href":"https:\/\/pepeslugano.com\/fr\/wp-json\/wp\/v2\/product\/11311","targetHints":{"allow":["GET"]}}],"collection":[{"href":"https:\/\/pepeslugano.com\/fr\/wp-json\/wp\/v2\/product"}],"about":[{"href":"https:\/\/pepeslugano.com\/fr\/wp-json\/wp\/v2\/types\/product"}],"wp:attachment":[{"href":"https:\/\/pepeslugano.com\/fr\/wp-json\/wp\/v2\/media?parent=11311"}],"wp:term":[{"taxonomy":"product_cat","embeddable":true,"href":"https:\/\/pepeslugano.com\/fr\/wp-json\/wp\/v2\/product_cat?post=11311"},{"taxonomy":"product_tag","embeddable":true,"href":"https:\/\/pepeslugano.com\/fr\/wp-json\/wp\/v2\/product_tag?post=11311"}],"curies":[{"name":"wp","href":"https:\/\/api.w.org\/{rel}","templated":true}]}}