{"id":11316,"date":"2022-08-16T19:18:05","date_gmt":"2022-08-16T17:18:05","guid":{"rendered":"https:\/\/pepeslugano.com\/?post_type=product&#038;p=11316"},"modified":"2022-08-16T19:18:06","modified_gmt":"2022-08-16T17:18:06","slug":"watermelon-margarita-frozen","status":"publish","type":"product","link":"https:\/\/pepeslugano.com\/fr\/produit\/pasteque-margarita-congelee\/","title":{"rendered":"Margarita \u00e0 la past\u00e8que, congel\u00e9e"},"content":{"rendered":"<p>Tequila, liqueur de fruits, jus de citron vert, sirop de past\u00e8que, glace pil\u00e9e.<\/p>","protected":false},"excerpt":{"rendered":"<p>Tequila, liqueur de fruits, jus de citron vert, sirop de past\u00e8que, glace pil\u00e9e.<\/p>","protected":false},"featured_media":0,"template":"","meta":[],"product_cat":[177],"product_tag":[],"class_list":{"0":"post-11316","1":"product","2":"type-product","3":"status-publish","5":"product_cat-coctels-coctels-cocktails","7":"first","8":"instock","9":"shipping-taxable","10":"purchasable","11":"product-type-simple"},"_links":{"self":[{"href":"https:\/\/pepeslugano.com\/fr\/wp-json\/wp\/v2\/product\/11316","targetHints":{"allow":["GET"]}}],"collection":[{"href":"https:\/\/pepeslugano.com\/fr\/wp-json\/wp\/v2\/product"}],"about":[{"href":"https:\/\/pepeslugano.com\/fr\/wp-json\/wp\/v2\/types\/product"}],"wp:attachment":[{"href":"https:\/\/pepeslugano.com\/fr\/wp-json\/wp\/v2\/media?parent=11316"}],"wp:term":[{"taxonomy":"product_cat","embeddable":true,"href":"https:\/\/pepeslugano.com\/fr\/wp-json\/wp\/v2\/product_cat?post=11316"},{"taxonomy":"product_tag","embeddable":true,"href":"https:\/\/pepeslugano.com\/fr\/wp-json\/wp\/v2\/product_tag?post=11316"}],"curies":[{"name":"wp","href":"https:\/\/api.w.org\/{rel}","templated":true}]}}